{"id":22794,"date":"2019-07-11T18:15:39","date_gmt":"2019-07-11T18:15:39","guid":{"rendered":"https:\/\/jobs.adp.com\/?page_id=22794\/"},"modified":"2020-01-17T09:00:29","modified_gmt":"2020-01-17T09:00:29","slug":"job-search-results","status":"publish","type":"page","link":"https:\/\/talentnetwork.adp.com\/cs\/locations\/czech\/job-search-results\/","title":{"rendered":"Location Czechia &#8211; Job Search Results (CS)"},"content":{"rendered":"<\/div><\/div><\/div><!-- close content main div --><\/div><\/div><div id='jobresults' class='avia-section main_color avia-section-default avia-no-border-styling avia-bg-style-scroll  jsres container_wrap sidebar_right'   ><div class='container' ><div class='template-page content  av-content-small alpha units'><div class='post-entry post-entry-type-page post-entry-22794'><div class='entry-content-wrapper clearfix'>\n<div class=\"flex_column av_one_fourth  flex_column_div av-zero-column-padding first  \" style='border-radius:0px; '><div class='avia-builder-widget-area clearfix '><div id=\"widget_job_search_full-5\" class=\"widget clearfix widget-jobsearch-full\"><a id=\"toggleAdvSearch\" href=\"#\" aria-expanded=\"true\" role=\"button\" class=\"avia-button avia-color-theme-color avia-size-small\" onclick=\"searchToggle();return false;\" aria-controls=\"cws-search-form\"><span class=\"avia_iconbox_title\">Search Jobs<\/span><\/a><div id=\"cws-search-form\" role=\"search\"><div class=\"w-form-row\"><div class=\"w-form-row-label\"><label for=\"cws_jobsearch_keywords\">Keyword (e.g., sales, finance)<\/label><\/div><div class=\"w-form-row-field\"><input type=\"text\" class=\"text_input keyword_suggest\" name=\"keyword\" id=\"cws_jobsearch_keywords\"  data-param=\"SearchText\" aria-describedby=\"keyword-help\" value=\"\" \/><span id=\"keyword-help\" class=\"visually-hidden sr-only\" aria-live=\"polite\">Begin typing to find suggestions.<\/span><span class=\"w-form-row-field-bar\"><\/span><\/div><input type=\"hidden\" name=\"fuzzy\" id=\"cws_jobsearch_fuzzy\" data-param=\"fuzzy\" value=\"\" \/><\/div><div class=\"w-form-row\"><div class=\"w-form-row-label\"><label for=\"cws_jobsearch_ref_id\">Ref ID<\/label><\/div><div class=\"w-form-row-field\"><input type=\"text\" class=\"text_input refid\" name=\"ref\" id=\"cws_jobsearch_ref_id\"  data-param=\"facet\" data-facet=\"ref\" value=\"\" \/><span class=\"w-form-row-field-bar\"><\/span><\/div><\/div><div class=\"search-control-container container-multicategory\"><div class=\"w-form-row-label\"><label for=\"cws_jobsearch_multiCategory\">Category<\/label><\/div><select name=\"category\" id=\"cws_jobsearch_multiCategory\" class=\"text_select multi\" multiple=\"multiple\" data-param=\"multiCategory\"><option value=\"Client Service\" >Client Service<\/option><option value=\"Digital Marketing\" >Digital Marketing<\/option><option value=\"Facilities Management\" >Facilities Management<\/option><option value=\"Finance\/Accounting\" >Finance\/Accounting<\/option><option value=\"Human Resources\" >Human Resources<\/option><option value=\"Implementation\" >Implementation<\/option><option value=\"Insurance\" >Insurance<\/option><option value=\"Legal\" >Legal<\/option><option value=\"Management\" >Management<\/option><option value=\"Marketing\" >Marketing<\/option><option value=\"Operations\" >Operations<\/option><option value=\"Project\/Program Management\" >Project\/Program Management<\/option><option value=\"Relationship Management\" >Relationship Management<\/option><option value=\"Sales\" >Sales<\/option><option value=\"Technology\" >Technology<\/option><option value=\"Training\" >Training<\/option><\/select><\/div><div class=\"search-control-container container-level\"><div class=\"w-form-row-label\"><label for=\"cws_jobsearch_level\">Executive-level jobs<\/label><\/div><select name=\"level\" id=\"cws_jobsearch_level\" class=\"text_select \" data-param=\"facet\" data-facet=\"level\"><option value=\"\">Select<\/option><option value=\"No\" >No<\/option><option value=\"Yes\" >Yes<\/option><\/select><\/div><div class=\"search-control-container container-is-internal custom\"><div class=\"w-form-row-label\"><label for=\"cws_jobsearch_is_internal\">Home office jobs<\/label><\/div><select name=\"is_internal\" id=\"cws_jobsearch_is_internal\" class=\"text_select \" data-param=\"facet\" data-facet=\"is_internal\"><option value=\"\">Select<\/option><option value=\"Yes\" >Yes<\/option><option value=\"No\" >No<\/option><\/select><\/div><div class=\"search-control-container container-language custom\"><div class=\"w-form-row-label\"><label for=\"cws_jobsearch_language\">Language<\/label><\/div><select name=\"language\" id=\"cws_jobsearch_language\" class=\"text_select \" data-param=\"facet\" data-facet=\"language\"><option value=\"\">Select a language<\/option><option value=\"en\" >English<\/option><option value=\"zh-hans\" >\u4e2d\u56fd<\/option><option value=\"de~de-DE\" >Deutsch<\/option><option value=\"es~es-ES\" >Espa\u00f1ol<\/option><option value=\"fr-CA~fr-FR\" >Fran\u00e7ais<\/option><option value=\"it~it-IT\" >Italiano<\/option><option value=\"nl~nl-NL\" >Nederlands<\/option><option value=\"pt-BR\" >Portugu\u00eas<\/option><option value=\"pl-PL\" >Polskie<\/option><option value=\"ro~ro-RO\" >Rom\u00e2n\u0103<\/option><\/select><\/div><div class=\"w-form-row-label\"><label for=\"cws_jobsearch_location\">Location (e.g., address, city, country)<\/label><\/div><div class=\"location-wrapper location-wrapper \"><input type=\"text\"  class=\"text_input loc_auto\" name=\"location\" id=\"cws_jobsearch_location\"  placeholder=\"Select a location\"  data-param=\"Location\" value=\"\" aria-describedby=\"cws_jobsearch_location-description\" \/><span id=\"cws_jobsearch_location-description\" style=\"display:none;\">Start typing a location to get suggestions, then press the down arrow to select one.<\/span><span id=\"cws_jobsearch_location_error\" style=\"display:none;\" class=\"location_error\">*Please select location from the dropdown<\/span><\/div><input type=\"hidden\" name=\"latitude\" id=\"cws_jobsearch_latitude\" data-param=\"latitude\" value=\"\" \/><input type=\"hidden\" name=\"longitude\" id=\"cws_jobsearch_longitude\" data-param=\"longitude\" value=\"\" \/><input type=\"hidden\" name=\"state\" id=\"cws_jobsearch_state\" data-param=\"facet\" data-facet=\"primary_state\" value=\"\" \/><input type=\"hidden\" name=\"country\" id=\"cws_jobsearch_country\" data-param=\"facet\" data-facet=\"primary_country\" value=\"\" \/><label for=\"cws_jobsearch__proximity\" class=\"radius-label location-radius-control\">within<\/label><div class=\"unit_switch_wrapper w-form-row-field location-radius-control\"><select id=\"cws_jobsearch__proximity\" name=\"radius\" title=\"Radius\" data-param=\"LocationRadius\"><option value=\"1\" >1<\/option><option value=\"5\" >5<\/option><option value=\"10\" >10<\/option><option value=\"15\" >15<\/option><option value=\"20\" >20<\/option><option value=\"25\" selected>25<\/option><option value=\"50\" >50<\/option><option value=\"100\" >100<\/option><option value=\"200\" >200<\/option><\/select><label for=\"units\"><input type=\"checkbox\" value=\"km\" class=\"unit-switch location-radius-control\" data-param=\"locationunits\" aria-hidden=\"true\" tabindex=\"-1\" id=\"units\" name=\"units\" data-on_label=\"km\" data-off_label=\"mi\"  \/><\/label><\/div><input type=\"hidden\" name=\"pg\" data-param=\"offset\" id=\"cws-search-page\" value=\"\" \/><input type=\"hidden\" name=\"sort\" data-param=\"sortfield\" id=\"cws-search-sortfield\" value=\"\" \/><input type=\"hidden\" name=\"dir\" data-param=\"sortorder\" id=\"cws-search-direction\" value=\"\" \/><div class=\"search-submit-btn\"><button id=\"cws-adv-search-btn\" class=\"avia-button avia-color-theme-color avia-size-medium\">Search<\/button><\/div><\/div>\n<script type=\"text\/javascript\">jQuery(document).ready(function(){if(CWS && CWS.jobs){\n                CWS.jobs.set_api(\"https:\/\/jobsapi-internal.m-cloud.io\/api\/\");\n                CWS.jobs.set_options({\n                    org_id: \"1971\",\n                    jobdetail_path: \"\/cs\/job-cs\",\n                    search_on_pause: false,\n                    search_on_blur: false,\n                    use_boolean_search: false,\n                    disable_fuzzy: false,\n                    node: \"\",\n                    boost: \"\",\n                    dynamic_criteria: false,\n                    inc_facetcount: false,\n                    filters: [\"ats_portalid:ADP~ADP_PAY~ADP_FRFR~ADP_FRCA~ADP_BR~ADP_ES~ADP_DE~ADP_NL~ADP_IT~ADP_PO~ADP_RO~Greenhouse_WM\"]\n                });\n                \n            }\n            else{\n                CWS.log(\"cws.jobs.js not loaded.\");\n            }\n    \t});\n        <\/script><style id=\"search-form-styles\">#top .date-radio-input:checked::before{ background-color: #222222 }<\/style><\/div><\/div><\/div><div class=\"flex_column av_three_fourth  flex_column_div av-zero-column-padding   mbluhdrs \" style='border-radius:0px; '><p><div class='avia-builder-widget-area clearfix '><div id=\"widget_job_search_results-2\" class=\"widget clearfix widget-jobsearch-results\"><div class=\"clearfix\">\n\t<h2 class=\"search-results-title\" tabindex=\"0\">Search results<\/h2>\t\t<div id=\"live-results\" tabindex=\"-1\" aria-live=\"polite\"><span\n\t\t\t\tid=\"live-results-counter\">0<\/span> Live Results<\/div>\n<\/div>\n\n<ul id=\"search-filters\"><\/ul>\n<div id=\"loader\"><\/div>\n\n<div class=\"search-results-table\" role=\"table\" aria-label=\"Job Search Results\" aria-colcount=\"4\" aria-rowcount=\"-1\" aria-busy=\"false\">\n    <div role=\"rowgroup\">\n        <div role=\"row\" class=\"search-columns entry-content-wrapper clearfix flex_column\">\n            <div id=\"colhead-ref\" role=\"columnheader\" class=\"flex_column  first\"  data-param=\"ref\"><span role=\"button\" tabindex=\"0\">Ref ID<span class=\"col-controls\"><span class=\" av-icon-char col-control ascending\" aria-hidden=\"true\" data-av_icon=\"\ue873\" data-av_iconfont=\"entypo-fontello\" ><\/span><span class=\" av-icon-char col-control descending\" aria-hidden=\"true\" data-av_icon=\"\ue876\" data-av_iconfont=\"entypo-fontello\" ><\/span><\/span><\/span><\/div><div id=\"colhead-title_category\" role=\"columnheader\" class=\"flex_column \"  data-param=\"title\"><span role=\"button\" tabindex=\"0\">Title + Category<span class=\"col-controls\"><span class=\" av-icon-char col-control ascending\" aria-hidden=\"true\" data-av_icon=\"\ue873\" data-av_iconfont=\"entypo-fontello\" ><\/span><span class=\" av-icon-char col-control descending\" aria-hidden=\"true\" data-av_icon=\"\ue876\" data-av_iconfont=\"entypo-fontello\" ><\/span><\/span><\/span><\/div><div id=\"colhead-city_state\" role=\"columnheader\" class=\"flex_column \"  data-param=\"primary_city\"><span role=\"button\" tabindex=\"0\">Location<span class=\"col-controls\"><span class=\" av-icon-char col-control ascending\" aria-hidden=\"true\" data-av_icon=\"\ue873\" data-av_iconfont=\"entypo-fontello\" ><\/span><span class=\" av-icon-char col-control descending\" aria-hidden=\"true\" data-av_icon=\"\ue876\" data-av_iconfont=\"entypo-fontello\" ><\/span><\/span><\/span><\/div><div id=\"colhead-open_date\" role=\"columnheader\" class=\"flex_column \"  data-param=\"open_date\"><span role=\"button\" tabindex=\"0\">Posted Date<span class=\"col-controls\"><span class=\" av-icon-char col-control ascending\" aria-hidden=\"true\" data-av_icon=\"\ue873\" data-av_iconfont=\"entypo-fontello\" ><\/span><span class=\" av-icon-char col-control descending\" aria-hidden=\"true\" data-av_icon=\"\ue876\" data-av_iconfont=\"entypo-fontello\" ><\/span><\/span><\/span><\/div>        <\/div>\n    <\/div>\n    <div class=\"entry-content-wrapper clearfix\" role=\"rowgroup\">\n        <div id=\"widget-jobsearch-results-list\" role=\"presentation\"><\/div>\n    <\/div>\n<\/div>\n    <nav id=\"widget-jobsearch-results-pages\" aria-label=\"Pagination\"><\/nav>\n    <script>\n        jQuery(document).ready(function(){    \n            if (CWS && CWS.jobs) {\n                \/\/ The search form might have taken care of this, but this can also go on the locations page, so just in case...\n                widget_jobsearch_full_horizontal = jQuery('.widget-jobsearch-full-horizontal').length > 0 ? 'widget-jobsearch-full-horizontal' : 'widget-jobsearch-full';\n                if (jQuery && jQuery('.'+widget_jobsearch_full_horizontal).length == 0) {\n                    CWS.jobs.set_api(\" https:\/\/jobsapi-internal.m-cloud.io\/api\/\");\n                    CWS.jobs.set_options({\n                        org_id: \"1971\",\n                        jobdetail_path: \"\/cs\/job-cs\",\n                        locations_page_search_by: \"radius\",\n                        locations_page_radius: \"50\",\n                        results_none: \"No jobs match your search criteria.\",\n                        tag_criteria: true,\n                        limit: 10,\n                        job_apply_button_text: \"Apply Here\",\n                        job_apply_link: \"seo_url\",\n                        hide_pagination_job_list: false,\n                        mapPosition: \"right\"\n                    });\n                    CWS.jobs.set_columns(\"ref,title_category,city_state,open_date\", \",,,\", \"Ref%20ID,Title%20%2B%20Category,Location,Posted%20Date\");\n                }\n                else {\n                    CWS.jobs.set_options({\n                        results_none: \"No jobs match your search criteria.\",\n                        sortfield: \"open_date\",\n                        sortorder: \"descending\",\n                        tag_criteria: true,\n                        limit: 10,\n                        job_apply_button_text: \"Apply Here\",\n                        job_apply_link: \"seo_url\",\n                        hide_pagination_job_list: false,\n                        mapPosition: \"right\"\n                    });\n                }\n                CWS.jobs.sortby(\"open_date\", \"descending\");\n                CWS.jobs.set_columns(\"ref,title_category,city_state,open_date\", \",,,\", \"Ref ID,Title + Category,Location,Posted Date\");\n\n            }\n            else {\n                CWS.log(\"cws.jobs.js not loaded.\");\n            }\n        }); \n\n<\/script>\n\t\t<script type=\"text\/javascript\">\n\t\t\tjQuery(document).ready(function(){\n\t\t\t\tif (CWS && CWS.jobs) {\n\t\t\t\t\tCWS.jobs.set_options({\n\t\t\t\t\t\tfilter_od: ''\t\n\t\t\t\t\t});\n\t\t\t\t}\n\t\t\t});\n\t\t<\/script>\n\n\t\t<\/div><\/div><br \/>\n<section class=\"avia_codeblock_section avia_code_block_0\"  itemscope=\"itemscope\" itemtype=\"https:\/\/schema.org\/CreativeWork\" ><div class='avia_codeblock '  itemprop=\"text\" > [avia_codeblock_placeholder uid=\"0\"] <\/div><\/section><\/p><\/div><\/div><\/div><\/div><!-- close content main div --><\/div><\/div><div id='after_section_1' class='main_color av_default_container_wrap container_wrap sidebar_right'   ><div class='container' ><div class='template-page content  av-content-small alpha units'><div class='post-entry post-entry-type-page post-entry-22794'><div class='entry-content-wrapper clearfix'>\n","protected":false},"excerpt":{"rendered":"","protected":false},"author":38,"featured_media":0,"parent":22416,"menu_order":0,"comment_status":"closed","ping_status":"closed","template":"","meta":{"footnotes":""},"persona":[],"class_list":["post-22794","page","type-page","status-publish","hentry"],"yoast_head":"<!-- This site is optimized with the Yoast SEO Premium plugin v23.0 (Yoast SEO v23.0) - https:\/\/yoast.com\/wordpress\/plugins\/seo\/ -->\n<title>\u010cesk\u00e1 republika - Job Search Results<\/title>\n<meta name=\"robots\" content=\"index, follow, max-snippet:-1, max-image-preview:large, max-video-preview:-1\" \/>\n<link rel=\"canonical\" href=\"https:\/\/talentnetwork.adp.com\/cs\/locations\/czech\/job-search-results\/\" \/>\n<meta property=\"og:locale\" content=\"cs_CZ\" \/>\n<meta property=\"og:type\" content=\"article\" \/>\n<meta property=\"og:title\" content=\"Location Czechia - Job Search Results (CS)\" \/>\n<meta property=\"og:url\" content=\"https:\/\/talentnetwork.adp.com\/cs\/locations\/czech\/job-search-results\/\" \/>\n<meta property=\"og:site_name\" content=\"ADP\" \/>\n<meta property=\"article:modified_time\" content=\"2020-01-17T09:00:29+00:00\" \/>\n<meta property=\"og:image\" content=\"https:\/\/talentnetwork.adp.com\/wp-content\/uploads\/sites\/794\/2019\/05\/ADP-Logo-200x200-v2.jpg\" \/>\n\t<meta property=\"og:image:width\" content=\"200\" \/>\n\t<meta property=\"og:image:height\" content=\"200\" \/>\n\t<meta property=\"og:image:type\" content=\"image\/jpeg\" \/>\n<meta name=\"twitter:label1\" content=\"Odhadovan\u00e1 doba \u010dten\u00ed\" \/>\n\t<meta name=\"twitter:data1\" content=\"1 minuta\" \/>\n<script type=\"application\/ld+json\" class=\"yoast-schema-graph\">{\"@context\":\"https:\/\/schema.org\",\"@graph\":[{\"@type\":\"WebPage\",\"@id\":\"https:\/\/talentnetwork.adp.com\/cs\/locations\/czech\/job-search-results\/\",\"url\":\"https:\/\/talentnetwork.adp.com\/cs\/locations\/czech\/job-search-results\/\",\"name\":\"\u010cesk\u00e1 republika - Job Search Results\",\"isPartOf\":{\"@id\":\"https:\/\/talentnetwork.adp.com\/pt-br\/#website\"},\"datePublished\":\"2019-07-11T18:15:39+00:00\",\"dateModified\":\"2020-01-17T09:00:29+00:00\",\"breadcrumb\":{\"@id\":\"https:\/\/talentnetwork.adp.com\/cs\/locations\/czech\/job-search-results\/#breadcrumb\"},\"inLanguage\":\"cs\",\"potentialAction\":[{\"@type\":\"ReadAction\",\"target\":[\"https:\/\/talentnetwork.adp.com\/cs\/locations\/czech\/job-search-results\/\"]}]},{\"@type\":\"BreadcrumbList\",\"@id\":\"https:\/\/talentnetwork.adp.com\/cs\/locations\/czech\/job-search-results\/#breadcrumb\",\"itemListElement\":[{\"@type\":\"ListItem\",\"position\":1,\"name\":\"Home\",\"item\":\"https:\/\/talentnetwork.adp.com\/cs\/\"},{\"@type\":\"ListItem\",\"position\":2,\"name\":\"Locations\",\"item\":\"https:\/\/talentnetwork.adp.com\/?page_id=3692\"},{\"@type\":\"ListItem\",\"position\":3,\"name\":\"Location Czechia &#8211; Home\",\"item\":\"https:\/\/talentnetwork.adp.com\/cs\/locations\/czech\/\"},{\"@type\":\"ListItem\",\"position\":4,\"name\":\"Location Czechia &#8211; Job Search Results (CS)\"}]},{\"@type\":\"WebSite\",\"@id\":\"https:\/\/talentnetwork.adp.com\/pt-br\/#website\",\"url\":\"https:\/\/talentnetwork.adp.com\/pt-br\/\",\"name\":\"ADP\",\"description\":\"ADP Global\",\"potentialAction\":[{\"@type\":\"SearchAction\",\"target\":{\"@type\":\"EntryPoint\",\"urlTemplate\":\"https:\/\/talentnetwork.adp.com\/pt-br\/?s={search_term_string}\"},\"query-input\":\"required name=search_term_string\"}],\"inLanguage\":\"cs\"}]}<\/script>\n<!-- \/ Yoast SEO Premium plugin. -->","yoast_head_json":{"title":"\u010cesk\u00e1 republika - Job Search Results","robots":{"index":"index","follow":"follow","max-snippet":"max-snippet:-1","max-image-preview":"max-image-preview:large","max-video-preview":"max-video-preview:-1"},"canonical":"https:\/\/talentnetwork.adp.com\/cs\/locations\/czech\/job-search-results\/","og_locale":"cs_CZ","og_type":"article","og_title":"Location Czechia - Job Search Results (CS)","og_url":"https:\/\/talentnetwork.adp.com\/cs\/locations\/czech\/job-search-results\/","og_site_name":"ADP","article_modified_time":"2020-01-17T09:00:29+00:00","og_image":[{"width":200,"height":200,"url":"https:\/\/talentnetwork.adp.com\/wp-content\/uploads\/sites\/794\/2019\/05\/ADP-Logo-200x200-v2.jpg","type":"image\/jpeg"}],"twitter_misc":{"Odhadovan\u00e1 doba \u010dten\u00ed":"1 minuta"},"schema":{"@context":"https:\/\/schema.org","@graph":[{"@type":"WebPage","@id":"https:\/\/talentnetwork.adp.com\/cs\/locations\/czech\/job-search-results\/","url":"https:\/\/talentnetwork.adp.com\/cs\/locations\/czech\/job-search-results\/","name":"\u010cesk\u00e1 republika - Job Search Results","isPartOf":{"@id":"https:\/\/talentnetwork.adp.com\/pt-br\/#website"},"datePublished":"2019-07-11T18:15:39+00:00","dateModified":"2020-01-17T09:00:29+00:00","breadcrumb":{"@id":"https:\/\/talentnetwork.adp.com\/cs\/locations\/czech\/job-search-results\/#breadcrumb"},"inLanguage":"cs","potentialAction":[{"@type":"ReadAction","target":["https:\/\/talentnetwork.adp.com\/cs\/locations\/czech\/job-search-results\/"]}]},{"@type":"BreadcrumbList","@id":"https:\/\/talentnetwork.adp.com\/cs\/locations\/czech\/job-search-results\/#breadcrumb","itemListElement":[{"@type":"ListItem","position":1,"name":"Home","item":"https:\/\/talentnetwork.adp.com\/cs\/"},{"@type":"ListItem","position":2,"name":"Locations","item":"https:\/\/talentnetwork.adp.com\/?page_id=3692"},{"@type":"ListItem","position":3,"name":"Location Czechia &#8211; Home","item":"https:\/\/talentnetwork.adp.com\/cs\/locations\/czech\/"},{"@type":"ListItem","position":4,"name":"Location Czechia &#8211; Job Search Results (CS)"}]},{"@type":"WebSite","@id":"https:\/\/talentnetwork.adp.com\/pt-br\/#website","url":"https:\/\/talentnetwork.adp.com\/pt-br\/","name":"ADP","description":"ADP Global","potentialAction":[{"@type":"SearchAction","target":{"@type":"EntryPoint","urlTemplate":"https:\/\/talentnetwork.adp.com\/pt-br\/?s={search_term_string}"},"query-input":"required name=search_term_string"}],"inLanguage":"cs"}]}},"_links":{"self":[{"href":"https:\/\/talentnetwork.adp.com\/cs\/wp-json\/wp\/v2\/pages\/22794","targetHints":{"allow":["GET"]}}],"collection":[{"href":"https:\/\/talentnetwork.adp.com\/cs\/wp-json\/wp\/v2\/pages"}],"about":[{"href":"https:\/\/talentnetwork.adp.com\/cs\/wp-json\/wp\/v2\/types\/page"}],"author":[{"embeddable":true,"href":"https:\/\/talentnetwork.adp.com\/cs\/wp-json\/wp\/v2\/users\/38"}],"replies":[{"embeddable":true,"href":"https:\/\/talentnetwork.adp.com\/cs\/wp-json\/wp\/v2\/comments?post=22794"}],"version-history":[{"count":0,"href":"https:\/\/talentnetwork.adp.com\/cs\/wp-json\/wp\/v2\/pages\/22794\/revisions"}],"up":[{"embeddable":true,"href":"https:\/\/talentnetwork.adp.com\/cs\/wp-json\/wp\/v2\/pages\/22416"}],"wp:attachment":[{"href":"https:\/\/talentnetwork.adp.com\/cs\/wp-json\/wp\/v2\/media?parent=22794"}],"wp:term":[{"taxonomy":"persona","embeddable":true,"href":"https:\/\/talentnetwork.adp.com\/cs\/wp-json\/wp\/v2\/persona?post=22794"}],"curies":[{"name":"wp","href":"https:\/\/api.w.org\/{rel}","templated":true}]}}